{"id":14,"date":"2022-09-20T04:01:54","date_gmt":"2022-09-20T04:01:54","guid":{"rendered":"https:\/\/coesa.com.mx\/project\/?page_id=14"},"modified":"2025-02-13T02:14:24","modified_gmt":"2025-02-13T02:14:24","slug":"proyectos","status":"publish","type":"page","link":"https:\/\/coesa.com.mx\/project\/proyectos\/","title":{"rendered":"Proyectos"},"content":{"rendered":"<p>[et_pb_section fb_built=\u00bb1&#8243; admin_label=\u00bbHero\u00bb _builder_version=\u00bb4.18.0&#8243; background_color=\u00bb#0c71c3&#8243; background_image=\u00bbhttps:\/\/coesa.com.mx\/project\/wp-content\/uploads\/2022\/09\/img1-slider-min.jpg\u00bb background_blend=\u00bbhard-light\u00bb custom_padding=\u00bb||32px|||\u00bb animation_style=\u00bbzoom\u00bb animation_intensity_zoom=\u00bb4%\u00bb global_colors_info=\u00bb{}\u00bb][et_pb_row _builder_version=\u00bb4.16&#8243; background_size=\u00bbinitial\u00bb background_position=\u00bbtop_left\u00bb background_repeat=\u00bbrepeat\u00bb custom_padding=\u00bb|||\u00bb animation_style=\u00bbslide\u00bb animation_direction=\u00bbtop\u00bb animation_intensity_slide=\u00bb3%\u00bb global_colors_info=\u00bb{}\u00bb][et_pb_column type=\u00bb4_4&#8243; _builder_version=\u00bb4.16&#8243; custom_padding=\u00bb|||\u00bb global_colors_info=\u00bb{}\u00bb custom_padding__hover=\u00bb|||\u00bb][et_pb_divider show_divider=\u00bboff\u00bb disabled_on=\u00bbon|on|off%22&#8243; _builder_version=\u00bb4.16&#8243; max_width=\u00bb120px\u00bb animation_style=\u00bbslide\u00bb animation_direction=\u00bbtop\u00bb animation_intensity_slide=\u00bb30%\u00bb global_colors_info=\u00bb{}\u00bb][\/et_pb_divider][\/et_pb_column][\/et_pb_row][\/et_pb_section][et_pb_section fb_built=\u00bb1&#8243; admin_label=\u00bbProjects Section\u00bb _builder_version=\u00bb4.18.0&#8243; background_color=\u00bb#f9f9f9&#8243; custom_margin=\u00bb|||\u00bb custom_padding=\u00bb19px||26px|||\u00bb global_colors_info=\u00bb{}\u00bb][et_pb_row _builder_version=\u00bb4.18.0&#8243; _module_preset=\u00bbdefault\u00bb custom_padding=\u00bb9px|||||\u00bb global_colors_info=\u00bb{}\u00bb][et_pb_column type=\u00bb4_4&#8243; _builder_version=\u00bb4.18.0&#8243; _module_preset=\u00bbdefault\u00bb global_colors_info=\u00bb{}\u00bb][et_pb_text _builder_version=\u00bb4.18.0&#8243; text_font=\u00bb||||||||\u00bb header_font=\u00bbMontserrat|700||on|||||dotted\u00bb header_text_color=\u00bb#0065A4&#8243; header_font_size=\u00bb50px\u00bb header_line_height=\u00bb1.3em\u00bb background_size=\u00bbinitial\u00bb background_position=\u00bbtop_left\u00bb background_repeat=\u00bbrepeat\u00bb custom_margin=\u00bb||8px|||\u00bb animation_style=\u00bbfade\u00bb header_font_size_tablet=\u00bb40px\u00bb header_font_size_phone=\u00bb30px\u00bb header_font_size_last_edited=\u00bbon|phone\u00bb locked=\u00bboff\u00bb global_colors_info=\u00bb{}\u00bb]<\/p>\n<h1>\u00a0\u00a0\u00a0\u00a0\u00a0\u00a0\u00a0\u00a0\u00a0\u00a0\u00a0\u00a0\u00a0\u00a0\u00a0\u00a0\u00a0\u00a0\u00a0\u00a0\u00a0\u00a0\u00a0\u00a0\u00a0\u00a0\u00a0\u00a0\u00a0 nuestros proyectos<\/h1>\n<p>[\/et_pb_text][et_pb_text _builder_version=\u00bb4.18.0&#8243; _module_preset=\u00bbdefault\u00bb global_colors_info=\u00bb{}\u00bb]<\/p>\n<p><b>COESA<\/b><span>\u00a0<\/span>dentro de su departamento de proyectos, realiza todo tipo de estudios y dise\u00f1os necesarios para la<span>\u00a0<\/span>Construcci\u00f3n de Edificios, Oficinas, Casas Habitaci\u00f3n, Construccin de Escuelas, Construcci\u00f3n de Plazas Comerciales<span>\u00a0<\/span>, etc.<\/p>\n<p><b>COESA<\/b><span>\u00a0<\/span>est\u00e1 conformado por un grupo de Ingenieros y Arquitectos, altamente calificados con gran conocimiento y experiencia en cada una de las especialidades de la ingenier\u00eda y proyecto ejecutivo, para realizar cualquier tipo de obra o trabajo que se les asigne<\/p>\n<p>[\/et_pb_text][dnxte_blog_slider include_categories=\u00bball\u00bb order=\u00bbDESC\u00bb show_author=\u00bboff\u00bb show_excerpt=\u00bboff\u00bb dnxte_blogslider_auto_height=\u00bbon\u00bb _builder_version=\u00bb4.18.0&#8243; _module_preset=\u00bbdefault\u00bb hover_enabled=\u00bb0&#8243; border_radii_image=\u00bbon|8px|8px|8px|8px\u00bb box_shadow_style=\u00bbpreset2&#8243; box_shadow_style_image=\u00bbpreset1&#8243; global_colors_info=\u00bb{}\u00bb sticky_enabled=\u00bb0&#8243;][\/dnxte_blog_slider][\/et_pb_column][\/et_pb_row][\/et_pb_section][et_pb_section fb_built=\u00bb1&#8243; admin_label=\u00bbContact Form Section\u00bb _builder_version=\u00bb4.18.0&#8243; background_color=\u00bb#0065A4&#8243; background_image=\u00bbhttps:\/\/coesa.com.mx\/project\/wp-content\/uploads\/2022\/09\/Soldador-min.jpg\u00bb background_blend=\u00bbsoft-light\u00bb custom_padding=\u00bb12px||7px|||\u00bb animation_style=\u00bbzoom\u00bb animation_direction=\u00bbbottom\u00bb animation_intensity_zoom=\u00bb10%\u00bb saved_tabs=\u00bball\u00bb global_colors_info=\u00bb{}\u00bb][et_pb_row admin_label=\u00bbService Section Title\u00bb _builder_version=\u00bb4.16&#8243; custom_margin=\u00bb|auto|14px|auto||\u00bb custom_padding=\u00bb14px||2px|||\u00bb animation_style=\u00bbfade\u00bb animation_direction=\u00bbtop\u00bb locked=\u00bboff\u00bb global_colors_info=\u00bb{}\u00bb][et_pb_column type=\u00bb4_4&#8243; _builder_version=\u00bb4.16&#8243; custom_padding=\u00bb|||\u00bb global_colors_info=\u00bb{}\u00bb custom_padding__hover=\u00bb|||\u00bb][et_pb_text content_tablet=\u00bb<\/p>\n<p>Somos expertos en<br \/><span style=%22color: #fff;%22>construcci\u00f3n!<\/span><\/p>\n<p>\u00bb content_phone=\u00bb<\/p>\n<p>Somos expertos en<br \/><span style=%22color: #fff;%22>construcci\u00f3n!<\/span><\/p>\n<p>\u00bb content_last_edited=\u00bbon|desktop\u00bb admin_label=\u00bbTitle\u00bb _builder_version=\u00bb4.18.0&#8243; text_font=\u00bbMontserrat||||||||\u00bb text_text_color=\u00bb#ffffff\u00bb text_font_size=\u00bb47px\u00bb text_line_height=\u00bb1.8em\u00bb header_font=\u00bb||||||||\u00bb header_2_font=\u00bbMontserrat|700||on|||||\u00bb header_2_font_size=\u00bb42px\u00bb header_2_line_height=\u00bb1.3em\u00bb background_size=\u00bbinitial\u00bb background_position=\u00bbtop_left\u00bb background_repeat=\u00bbrepeat\u00bb text_orientation=\u00bbcenter\u00bb max_width=\u00bb700px\u00bb module_alignment=\u00bbcenter\u00bb custom_margin=\u00bb||8px|||\u00bb animation_style=\u00bbslide\u00bb animation_direction=\u00bbbottom\u00bb animation_intensity_slide=\u00bb4%\u00bb text_font_size_tablet=\u00bb40px\u00bb text_font_size_phone=\u00bb30px\u00bb text_font_size_last_edited=\u00bbon|tablet\u00bb global_colors_info=\u00bb{}\u00bb]<\/p>\n<p>Somos expertos en<br \/><span style=\"color: #fff;\">construcci\u00f3n!<\/span><\/p>\n<p>[\/et_pb_text][\/et_pb_column][\/et_pb_row][\/et_pb_section]<\/p>\n","protected":false},"excerpt":{"rendered":"<p>\u00a0\u00a0\u00a0\u00a0\u00a0\u00a0\u00a0\u00a0\u00a0\u00a0\u00a0\u00a0\u00a0\u00a0\u00a0\u00a0\u00a0\u00a0\u00a0\u00a0\u00a0\u00a0\u00a0\u00a0\u00a0\u00a0\u00a0\u00a0\u00a0 nuestros proyectosCOESA\u00a0dentro de su departamento de proyectos, realiza todo tipo de estudios y dise\u00f1os necesarios para la\u00a0Construcci\u00f3n de Edificios, Oficinas, Casas Habitaci\u00f3n, Construccin de Escuelas, Construcci\u00f3n de Plazas Comerciales\u00a0, etc. COESA\u00a0est\u00e1 conformado por un grupo de Ingenieros y Arquitectos, altamente calificados con gran conocimiento y experiencia en cada una de las especialidades de la [&hellip;]<\/p>\n","protected":false},"author":1,"featured_media":0,"parent":0,"menu_order":0,"comment_status":"closed","ping_status":"closed","template":"","meta":{"_et_pb_use_builder":"on","_et_pb_old_content":"<!-- wp:paragraph -->\n<p>Proyectos realizados<\/p>\n<!-- \/wp:paragraph -->","_et_gb_content_width":"","footnotes":""},"class_list":["post-14","page","type-page","status-publish","hentry"],"_links":{"self":[{"href":"https:\/\/coesa.com.mx\/project\/wp-json\/wp\/v2\/pages\/14","targetHints":{"allow":["GET"]}}],"collection":[{"href":"https:\/\/coesa.com.mx\/project\/wp-json\/wp\/v2\/pages"}],"about":[{"href":"https:\/\/coesa.com.mx\/project\/wp-json\/wp\/v2\/types\/page"}],"author":[{"embeddable":true,"href":"https:\/\/coesa.com.mx\/project\/wp-json\/wp\/v2\/users\/1"}],"replies":[{"embeddable":true,"href":"https:\/\/coesa.com.mx\/project\/wp-json\/wp\/v2\/comments?post=14"}],"version-history":[{"count":23,"href":"https:\/\/coesa.com.mx\/project\/wp-json\/wp\/v2\/pages\/14\/revisions"}],"predecessor-version":[{"id":241778,"href":"https:\/\/coesa.com.mx\/project\/wp-json\/wp\/v2\/pages\/14\/revisions\/241778"}],"wp:attachment":[{"href":"https:\/\/coesa.com.mx\/project\/wp-json\/wp\/v2\/media?parent=14"}],"curies":[{"name":"wp","href":"https:\/\/api.w.org\/{rel}","templated":true}]}}